{"id":26003,"date":"2025-10-30T17:11:42","date_gmt":"2025-10-30T17:11:42","guid":{"rendered":"https:\/\/coffeesouks.com\/?post_type=product&#038;p=26003"},"modified":"2026-04-04T15:25:34","modified_gmt":"2026-04-04T15:25:34","slug":"macap-mi20","status":"publish","type":"product","link":"https:\/\/coffeesouks.com\/ar\/product\/macap-mi20\/","title":{"rendered":"\u0645\u0627\u0643\u0627\u0628-\u0625\u0645 \u0622\u064a 20"},"content":{"rendered":"<p data-start=\"111\" data-end=\"143\"><strong data-start=\"128\" data-end=\"143\">\u0646\u0648\u0639 \u0627\u0644\u0645\u0637\u0627\u062d\u0646:<\/strong> \u0645\u0633\u062a\u0648\u064a<br data-start=\"148\" data-end=\"151\" \/><strong data-start=\"151\" data-end=\"169\">\u0642\u0637\u0631 \u0627\u0644\u0646\u062a\u0648\u0621:<\/strong> \u0642\u0637\u0631 58 \u0645\u0645<br data-start=\"177\" data-end=\"180\" \/><strong data-start=\"180\" data-end=\"193\">\u0633\u0639\u0629:<\/strong> 0.5 \u0643\u062c\u0645<br data-start=\"200\" data-end=\"203\" \/><strong data-start=\"203\" data-end=\"213\">\u0642\u0648\u0629:<\/strong> 300 \u0648\u0627\u0637<br data-start=\"219\" data-end=\"222\" \/><strong data-start=\"222\" data-end=\"239\" data-is-only-node=\"\">\u0625\u0646\u062a\u0627\u062c\u064a\u0629:<\/strong> 2 \u2013 2.6 \u063a\/\u062b<br data-start=\"251\" data-end=\"254\" \/><strong data-start=\"254\" data-end=\"272\">\u0633\u0631\u0639\u0629 \u0627\u0644\u0637\u062d\u0646:<\/strong> 1400 \u062f\u0648\u0631\u0629 \u0641\u064a \u0627\u0644\u062f\u0642\u064a\u0642\u0629 (50 \u0647\u0631\u062a\u0632) | 1680 \u062f\u0648\u0631\u0629 \u0641\u064a \u0627\u0644\u062f\u0642\u064a\u0642\u0629 (60 \u0647\u0631\u062a\u0632)<br data-start=\"308\" data-end=\"311\" \/><strong data-start=\"311\" data-end=\"326\">\u0623\u0646\u0638\u0645\u0629:<\/strong> \u0645\u0639\u064a\u0627\u0631<br data-start=\"335\" data-end=\"338\" \/><strong data-start=\"338\" data-end=\"365\">\u0627\u0644\u0623\u0628\u0639\u0627\u062f (\u0627\u0644\u0639\u0631\u0636 \u00d7 \u0627\u0644\u0639\u0645\u0642 \u00d7 \u0627\u0644\u0627\u0631\u062a\u0641\u0627\u0639):<\/strong> 194 \u00d7 307 \u00d7 440 \u0645\u0645<br data-start=\"384\" data-end=\"387\" \/><strong data-start=\"387\" data-end=\"398\">\u0648\u0632\u0646:<\/strong> 7.5 \u0643\u062c\u0645<\/p>","protected":false},"excerpt":{"rendered":"<p>Mills Type: FlatBurr Diameter: \u00d8 58 mmCapacity: 0.5 kgPower: 300 WProductivity: 2 \u2013 2.6 g\/sGrinder Speed: 1400 rpm (50 Hz) | 1680 rpm (60 Hz)Regulation: StandardDimensions (W \u00d7 D \u00d7 H): 194 \u00d7 307 \u00d7 440 mmWeight: 7.5 kg<\/p>","protected":false},"featured_media":26004,"comment_status":"open","ping_status":"closed","template":"","meta":{"_acf_changed":false},"product_brand":[780],"product_cat":[677,439,743,481,441,848],"product_tag":[],"class_list":{"0":"post-26003","1":"product","2":"type-product","3":"status-publish","4":"has-post-thumbnail","6":"product_brand-macap","7":"product_cat-automatic-coffee-grinders","8":"product_cat-business-cafe-machines","9":"product_cat-commerical-grinder","10":"product_cat-grinders","11":"product_cat-machines","12":"product_cat-prodose","14":"first","15":"instock","16":"shipping-taxable","17":"purchasable","18":"product-type-simple"},"acf":[],"jetpack_sharing_enabled":true,"_links":{"self":[{"href":"https:\/\/coffeesouks.com\/ar\/wp-json\/wp\/v2\/product\/26003","targetHints":{"allow":["GET"]}}],"collection":[{"href":"https:\/\/coffeesouks.com\/ar\/wp-json\/wp\/v2\/product"}],"about":[{"href":"https:\/\/coffeesouks.com\/ar\/wp-json\/wp\/v2\/types\/product"}],"replies":[{"embeddable":true,"href":"https:\/\/coffeesouks.com\/ar\/wp-json\/wp\/v2\/comments?post=26003"}],"wp:featuredmedia":[{"embeddable":true,"href":"https:\/\/coffeesouks.com\/ar\/wp-json\/wp\/v2\/media\/26004"}],"wp:attachment":[{"href":"https:\/\/coffeesouks.com\/ar\/wp-json\/wp\/v2\/media?parent=26003"}],"wp:term":[{"taxonomy":"product_brand","embeddable":true,"href":"https:\/\/coffeesouks.com\/ar\/wp-json\/wp\/v2\/product_brand?post=26003"},{"taxonomy":"product_cat","embeddable":true,"href":"https:\/\/coffeesouks.com\/ar\/wp-json\/wp\/v2\/product_cat?post=26003"},{"taxonomy":"product_tag","embeddable":true,"href":"https:\/\/coffeesouks.com\/ar\/wp-json\/wp\/v2\/product_tag?post=26003"}],"curies":[{"name":"wp","href":"https:\/\/api.w.org\/{rel}","templated":true}]}}